{"id":295,"date":"2024-08-25T04:18:47","date_gmt":"2024-08-25T04:18:47","guid":{"rendered":"https:\/\/merida.themepul.com\/?page_id=295"},"modified":"2024-11-27T10:43:01","modified_gmt":"2024-11-27T10:43:01","slug":"contact","status":"publish","type":"page","link":"https:\/\/www.ristorantebello.fi\/?page_id=295","title":{"rendered":"Yhteydenotto"},"content":{"rendered":"\t\t<div data-elementor-type=\"wp-page\" data-elementor-id=\"295\" class=\"elementor elementor-295\">\n\t\t\t\t<div class=\"elementor-element elementor-element-b0c6ddd e-flex e-con-boxed e-con e-parent\" data-id=\"b0c6ddd\" data-element_type=\"container\" data-e-type=\"container\">\n\t\t\t\t\t<div class=\"e-con-inner\">\n\t\t<div class=\"elementor-element elementor-element-3a3154d e-con-full e-flex e-con e-child\" data-id=\"3a3154d\" data-element_type=\"container\" data-e-type=\"container\" data-settings=\"{&quot;background_background&quot;:&quot;classic&quot;}\">\n\t\t\t\t<div class=\"elementor-element elementor-element-07b2260 elementor-widget elementor-widget-merida_title_Widget\" data-id=\"07b2260\" data-element_type=\"widget\" data-e-type=\"widget\" data-widget_type=\"merida_title_Widget.default\">\n\t\t\t\t<div class=\"elementor-widget-container\">\n\t\t\t\t\t        <div class=\"container\">\n            <div class=\"merida-section-title-wrapper\">\n                <div class=\"merida-section-title-content position-relative\">\n                                                                <h2 class=\"merida-section-title\">\n                            L\u00e4het\u00e4 Meille Viesti                        <\/h2>\n                    \n                                                        <\/div>\n            <\/div>\n        <\/div>\n\n\t\t\t\t<\/div>\n\t\t\t\t<\/div>\n\t\t\t\t<div class=\"elementor-element elementor-element-d7b1e27 elementor-widget elementor-widget-merida_title_Widget\" data-id=\"d7b1e27\" data-element_type=\"widget\" data-e-type=\"widget\" data-widget_type=\"merida_title_Widget.default\">\n\t\t\t\t<div class=\"elementor-widget-container\">\n\t\t\t\t\t        <div class=\"container\">\n            <div class=\"merida-section-title-wrapper\">\n                <div class=\"merida-section-title-content position-relative\">\n                                            <div class=\"merida-section-small-title\">\n                            Viestien vastausaika max vuorokausi. Kiireelliset asiat ja saman p\u00e4iv\u00e4n tilaukset puhelimitse kiitos (0408610088)                        <\/div>\n                                        \n                                                        <\/div>\n            <\/div>\n        <\/div>\n\n\t\t\t\t<\/div>\n\t\t\t\t<\/div>\n\t\t\t\t<div class=\"elementor-element elementor-element-bf4e266 elementor-widget elementor-widget-merida_ctf7\" data-id=\"bf4e266\" data-element_type=\"widget\" data-e-type=\"widget\" data-widget_type=\"merida_ctf7.default\">\n\t\t\t\t<div class=\"elementor-widget-container\">\n\t\t\t\t\t        <script>\n            jQuery(document).ready(function($) {\n                \"use strict\";\n                const dateField = document.querySelector('input[type=\"date\"]');\n                if (dateField) {\n                    dateField.addEventListener('focus', function() {\n                        this.showPicker(); \n                    });\n                }\n            });\n        <\/script>\n\n\n        <div class=\"merida-ctf7s-wrapper\">\n                            <div class=\"container\">\n                    \n<div class=\"wpcf7 no-js\" id=\"wpcf7-f2638-o1\" lang=\"en-US\" dir=\"ltr\" data-wpcf7-id=\"2638\">\n<div class=\"screen-reader-response\"><p role=\"status\" aria-live=\"polite\" aria-atomic=\"true\"><\/p> <ul><\/ul><\/div>\n<form action=\"\/index.php?rest_route=%2Fwp%2Fv2%2Fpages%2F295#wpcf7-f2638-o1\" method=\"post\" class=\"wpcf7-form init\" aria-label=\"Contact form\" novalidate=\"novalidate\" data-status=\"init\">\n<fieldset class=\"hidden-fields-container\"><input type=\"hidden\" name=\"_wpcf7\" value=\"2638\" \/><input type=\"hidden\" name=\"_wpcf7_version\" value=\"6.1.5\" \/><input type=\"hidden\" name=\"_wpcf7_locale\" value=\"en_US\" \/><input type=\"hidden\" name=\"_wpcf7_unit_tag\" value=\"wpcf7-f2638-o1\" \/><input type=\"hidden\" name=\"_wpcf7_container_post\" value=\"0\" \/><input type=\"hidden\" name=\"_wpcf7_posted_data_hash\" value=\"\" \/>\n<\/fieldset>\n<div class=\"row\">\n    <div class=\"col-lg-6 col-12\">\n        <div class=\"merida-input-area fullName\">\n            <span class=\"wpcf7-form-control-wrap\" data-name=\"full-name\"><input size=\"40\" maxlength=\"400\" class=\"wpcf7-form-control wpcf7-text wpcf7-validates-as-required form-control\" aria-required=\"true\" aria-invalid=\"false\" placeholder=\"Nimesi\" value=\"\" type=\"text\" name=\"full-name\" \/><\/span>\n        <\/div>\n    <\/div>\n    <div class=\"col-lg-6 col-12\">\n        <div class=\"merida-input-area emailAddress\">\n            <span class=\"wpcf7-form-control-wrap\" data-name=\"email-address\"><input size=\"40\" maxlength=\"400\" class=\"wpcf7-form-control wpcf7-email wpcf7-validates-as-required wpcf7-text wpcf7-validates-as-email form-control\" aria-required=\"true\" aria-invalid=\"false\" placeholder=\"S\u00e4hk\u00f6posti\" value=\"\" type=\"email\" name=\"email-address\" \/><\/span>\n        <\/div>\n    <\/div>\n    <div class=\"col-lg-12\">\n        <div class=\"merida-input-area selectOption\">\n            <span class=\"wpcf7-form-control-wrap\" data-name=\"select-subject\"><select class=\"wpcf7-form-control wpcf7-select form-control\" aria-invalid=\"false\" name=\"select-subject\"><option value=\"\">&#8212;Please choose an option&#8212;<\/option><option value=\"Palaute\">Palaute<\/option><option value=\"Kysymys\">Kysymys<\/option><option value=\"Yhteisty\u00f6\">Yhteisty\u00f6<\/option><option value=\"Muu\">Muu<\/option><\/select><\/span>\n        <\/div>\n    <\/div>\n    <div class=\"col-lg-12\">\n        <div class=\"merida-input-area messageArea\">\n            <span class=\"wpcf7-form-control-wrap\" data-name=\"special-message\"><textarea cols=\"10\" rows=\"6\" maxlength=\"2000\" class=\"wpcf7-form-control wpcf7-textarea wpcf7-validates-as-required form-control\" aria-required=\"true\" aria-invalid=\"false\" placeholder=\"Viesti\" name=\"special-message\"><\/textarea><\/span>\n        <\/div>\n    <\/div>\n    <div class=\"col-lg-12\">\n       <div class=\"merida-contact-button full-width\">\n         <button type=\"submit\" class=\"theme-btns\">L\u00e4het\u00e4<\/button>\n      <\/div>\n    <\/div>\n<\/div><input type='hidden' class='wpcf7-pum' value='{\"closepopup\":false,\"closedelay\":0,\"openpopup\":false,\"openpopup_id\":0}' \/><div class=\"wpcf7-response-output\" aria-hidden=\"true\"><\/div>\n<\/form>\n<\/div>\n                <\/div>\n                    <\/div>\n\n\t\t\t\t<\/div>\n\t\t\t\t<\/div>\n\t\t\t\t<\/div>\n\t\t\t\t\t<\/div>\n\t\t\t\t<\/div>\n\t\t\t\t<\/div>\n\t\t","protected":false},"excerpt":{"rendered":"<p>L\u00e4het\u00e4 Meille Viesti Viestien vastausaika max vuorokausi. Kiireelliset asiat ja saman p\u00e4iv\u00e4n tilaukset puhelimitse kiitos (0408610088) &#8212;Please choose an option&#8212;PalauteKysymysYhteisty\u00f6Muu L\u00e4het\u00e4<\/p>\n","protected":false},"author":1,"featured_media":0,"parent":0,"menu_order":0,"comment_status":"closed","ping_status":"closed","template":"blank-template.php","meta":{"footnotes":""},"class_list":["post-295","page","type-page","status-publish","hentry"],"_links":{"self":[{"href":"https:\/\/www.ristorantebello.fi\/index.php?rest_route=\/wp\/v2\/pages\/295","targetHints":{"allow":["GET"]}}],"collection":[{"href":"https:\/\/www.ristorantebello.fi\/index.php?rest_route=\/wp\/v2\/pages"}],"about":[{"href":"https:\/\/www.ristorantebello.fi\/index.php?rest_route=\/wp\/v2\/types\/page"}],"author":[{"embeddable":true,"href":"https:\/\/www.ristorantebello.fi\/index.php?rest_route=\/wp\/v2\/users\/1"}],"replies":[{"embeddable":true,"href":"https:\/\/www.ristorantebello.fi\/index.php?rest_route=%2Fwp%2Fv2%2Fcomments&post=295"}],"version-history":[{"count":14,"href":"https:\/\/www.ristorantebello.fi\/index.php?rest_route=\/wp\/v2\/pages\/295\/revisions"}],"predecessor-version":[{"id":3494,"href":"https:\/\/www.ristorantebello.fi\/index.php?rest_route=\/wp\/v2\/pages\/295\/revisions\/3494"}],"wp:attachment":[{"href":"https:\/\/www.ristorantebello.fi\/index.php?rest_route=%2Fwp%2Fv2%2Fmedia&parent=295"}],"curies":[{"name":"wp","href":"https:\/\/api.w.org\/{rel}","templated":true}]}}