{"id":2777,"date":"2024-09-03T08:57:46","date_gmt":"2024-09-03T08:57:46","guid":{"rendered":"https:\/\/merida.themepul.com\/?page_id=2777"},"modified":"2026-04-13T06:33:40","modified_gmt":"2026-04-13T06:33:40","slug":"lounas","status":"publish","type":"page","link":"https:\/\/www.ristorantebello.fi\/?page_id=2777","title":{"rendered":"Viikon Lounaslista"},"content":{"rendered":"\t\t<div data-elementor-type=\"wp-page\" data-elementor-id=\"2777\" class=\"elementor elementor-2777\">\n\t\t\t\t<div class=\"elementor-element elementor-element-6fca2ba e-flex e-con-boxed e-con e-parent\" data-id=\"6fca2ba\" data-element_type=\"container\" data-e-type=\"container\">\n\t\t\t\t\t<div class=\"e-con-inner\">\n\t\t\t\t<div class=\"elementor-element elementor-element-5df0b01 elementor-widget elementor-widget-spacer\" data-id=\"5df0b01\" data-element_type=\"widget\" data-e-type=\"widget\" data-widget_type=\"spacer.default\">\n\t\t\t\t<div class=\"elementor-widget-container\">\n\t\t\t\t\t\t\t<div class=\"elementor-spacer\">\n\t\t\t<div class=\"elementor-spacer-inner\"><\/div>\n\t\t<\/div>\n\t\t\t\t\t\t<\/div>\n\t\t\t\t<\/div>\n\t\t\t\t<div class=\"elementor-element elementor-element-bee693b elementor-widget elementor-widget-heading\" data-id=\"bee693b\" data-element_type=\"widget\" data-e-type=\"widget\" data-widget_type=\"heading.default\">\n\t\t\t\t<div class=\"elementor-widget-container\">\n\t\t\t\t\t<h3 class=\"elementor-heading-title elementor-size-default\">LOUNASLISTA VKO 16 (15.4-17.4)<\/h3>\t\t\t\t<\/div>\n\t\t\t\t<\/div>\n\t\t\t\t\t<\/div>\n\t\t\t\t<\/div>\n\t\t<div class=\"elementor-element elementor-element-f5bbbc4 e-flex e-con-boxed e-con e-parent\" data-id=\"f5bbbc4\" data-element_type=\"container\" data-e-type=\"container\">\n\t\t\t\t\t<div class=\"e-con-inner\">\n\t\t<div class=\"elementor-element elementor-element-da67741 e-con-full e-flex e-con e-child\" data-id=\"da67741\" data-element_type=\"container\" data-e-type=\"container\">\n\t\t\t\t<\/div>\n\t\t\t\t\t<\/div>\n\t\t\t\t<\/div>\n\t\t<div class=\"elementor-element elementor-element-cd06f57 e-flex e-con-boxed e-con e-parent\" data-id=\"cd06f57\" data-element_type=\"container\" data-e-type=\"container\">\n\t\t\t\t\t<div class=\"e-con-inner\">\n\t\t\t\t<div class=\"elementor-element elementor-element-954c41a elementor-widget elementor-widget-text-editor\" data-id=\"954c41a\" data-element_type=\"widget\" data-e-type=\"widget\" data-widget_type=\"text-editor.default\">\n\t\t\t\t<div class=\"elementor-widget-container\">\n\t\t\t\t\t\t\t\t\t<p style=\"text-align: center;\">\u00a0<\/p><p style=\"text-align: center;\">LOUNASLISTA VKO 16<\/p><p>\u00a0<\/p><p style=\"text-align: center;\">Salaattip\u00f6yt\u00e4buffet 14,00<\/p><p style=\"text-align: center;\">Lounas joka arkip\u00e4iv\u00e4 klo 10.30-15<\/p><p>\u00a0<\/p><p style=\"text-align: center;\"><u>Maanantai 13.4<\/u><\/p><p style=\"text-align: center;\">Chicken Burger halloumijuustolla ja paholaisen hillolla 16,90<\/p><p style=\"text-align: center;\">Grillilohi kermaperunoilla ja hollandaisekastikkeella 16,90<\/p><p style=\"text-align: center;\">Lammasrisotto (L) 16,90<\/p><p style=\"text-align: center;\">Kantarelliraviolit (L) 15,90<\/p><p style=\"text-align: center;\">Omavalintainen pizza 3 t\u00e4ytteell\u00e4 14,90<\/p><p>\u00a0<\/p><p style=\"text-align: center;\"><u>Tiistai 14.4<\/u><\/p><p style=\"text-align: center;\">Wienerleike grillatulla persikalla (L) 15,90<\/p><p style=\"text-align: center;\">Talon jauhelihalasagne (L) 15,90<\/p><p style=\"text-align: center;\">Lohi-limerisotto (L, G) 16,90<\/p><p style=\"text-align: center;\">Spaghetti Puttanesca (L) 15,90<\/p><p style=\"text-align: center;\">Omavalintainen pizza 3 t\u00e4ytteell\u00e4 14,90<\/p><p>\u00a0<\/p><p style=\"text-align: center;\"><u>Keskiviikko 15.4<\/u><\/p><p style=\"text-align: center;\">Naudan ulkofilevartaat punaviinikastikkeella (L, G) 17,90<\/p><p style=\"text-align: center;\">Piri Piri Chicken riisill\u00e4 (L, G) 15,90<\/p><p style=\"text-align: center;\">Grillilohi chimichurrikastikkeella (L, G) 16,90<\/p><p style=\"text-align: center;\">V\u00f6ner Arrabbiata pasta (L) 15,90<\/p><p style=\"text-align: center;\">Omavalintainen pizza 3 t\u00e4ytteell\u00e4 14,90<\/p><p>\u00a0<\/p><p style=\"text-align: center;\"><u>Torstai 16.4<\/u><\/p><p style=\"text-align: center;\">Black Angus Burger cheddarjuustolla (L) 16,90<\/p><p style=\"text-align: center;\">Grillattu broilerin rintafilee vuohenjuustolla ja pestolla (G) 16,90<\/p><p style=\"text-align: center;\">Tagliatelle con Salmone (L, G) 16,90<\/p><p style=\"text-align: center;\">Herkkutattirisotto (L, G) 15,90<\/p><p style=\"text-align: center;\">Omavalintainen pizza 3 t\u00e4ytteell\u00e4 14,90<\/p><p>\u00a0<\/p><p style=\"text-align: center;\"><u>Perjantai 17.4<\/u><\/p><p style=\"text-align: center;\">Grillattu h\u00e4r\u00e4nulkofile maustevoilla (L, G) 17,90<\/p><p style=\"text-align: center;\">Uunilohi kermaisella kasvispedill\u00e4 (L, G) 16,90<\/p><p style=\"text-align: center;\">Kana-avokadorisotto (L, G) 15,90<\/p><p style=\"text-align: center;\">Viikunaraviolit (L) 15,90<\/p><p style=\"text-align: center;\">Omavalintainen pizza 3 t\u00e4ytteell\u00e4 14,90<\/p>\t\t\t\t\t\t\t\t<\/div>\n\t\t\t\t<\/div>\n\t\t\t\t\t<\/div>\n\t\t\t\t<\/div>\n\t\t<div class=\"elementor-element elementor-element-0deab71 e-flex e-con-boxed e-con e-parent\" data-id=\"0deab71\" data-element_type=\"container\" data-e-type=\"container\">\n\t\t\t\t\t<div class=\"e-con-inner\">\n\t\t\t\t\t<\/div>\n\t\t\t\t<\/div>\n\t\t\t\t<\/div>\n\t\t","protected":false},"excerpt":{"rendered":"<p>LOUNASLISTA VKO 16 (15.4-17.4) \u00a0 LOUNASLISTA VKO 16 \u00a0 Salaattip\u00f6yt\u00e4buffet 14,00 Lounas joka arkip\u00e4iv\u00e4 klo 10.30-15 \u00a0 Maanantai 13.4 Chicken Burger halloumijuustolla ja paholaisen hillolla 16,90 Grillilohi kermaperunoilla ja hollandaisekastikkeella 16,90 Lammasrisotto (L) 16,90 Kantarelliraviolit (L) 15,90 Omavalintainen pizza 3 t\u00e4ytteell\u00e4 14,90 \u00a0 Tiistai 14.4 Wienerleike grillatulla persikalla (L) 15,90 Talon jauhelihalasagne (L) 15,90 Lohi-limerisotto [&hellip;]<\/p>\n","protected":false},"author":1,"featured_media":0,"parent":0,"menu_order":0,"comment_status":"closed","ping_status":"closed","template":"blank-template.php","meta":{"footnotes":""},"class_list":["post-2777","page","type-page","status-publish","hentry"],"_links":{"self":[{"href":"https:\/\/www.ristorantebello.fi\/index.php?rest_route=\/wp\/v2\/pages\/2777","targetHints":{"allow":["GET"]}}],"collection":[{"href":"https:\/\/www.ristorantebello.fi\/index.php?rest_route=\/wp\/v2\/pages"}],"about":[{"href":"https:\/\/www.ristorantebello.fi\/index.php?rest_route=\/wp\/v2\/types\/page"}],"author":[{"embeddable":true,"href":"https:\/\/www.ristorantebello.fi\/index.php?rest_route=\/wp\/v2\/users\/1"}],"replies":[{"embeddable":true,"href":"https:\/\/www.ristorantebello.fi\/index.php?rest_route=%2Fwp%2Fv2%2Fcomments&post=2777"}],"version-history":[{"count":338,"href":"https:\/\/www.ristorantebello.fi\/index.php?rest_route=\/wp\/v2\/pages\/2777\/revisions"}],"predecessor-version":[{"id":4059,"href":"https:\/\/www.ristorantebello.fi\/index.php?rest_route=\/wp\/v2\/pages\/2777\/revisions\/4059"}],"wp:attachment":[{"href":"https:\/\/www.ristorantebello.fi\/index.php?rest_route=%2Fwp%2Fv2%2Fmedia&parent=2777"}],"curies":[{"name":"wp","href":"https:\/\/api.w.org\/{rel}","templated":true}]}}